{"id":308,"date":"2023-04-12T07:48:30","date_gmt":"2023-04-12T07:48:30","guid":{"rendered":"https:\/\/elearning.grooveproject.eu\/intelligent-tutor\/"},"modified":"2023-07-07T12:47:12","modified_gmt":"2023-07-07T12:47:12","slug":"intelligent-tutor","status":"publish","type":"page","link":"https:\/\/elearning.grooveproject.eu\/es\/intelligent-tutor\/","title":{"rendered":"Tutor Inteligente"},"content":{"rendered":"<div>El tutor inteligente le dar\u00e1 instrucciones paso a paso para preparar un plan de acci\u00f3n digital basado en una autoevaluaci\u00f3n de la capacidad digital de su organizaci\u00f3n. Respondamos las siguientes preguntas con integridad y honestidad, y dejemos el resto a nosotros. Al final de la evaluaci\u00f3n, se le proporcionar\u00e1n recomendaciones integrales para la transformaci\u00f3n digital que puede discutir con la gerencia de su organizaci\u00f3n.\n<\/div>\n<div><\/p>\n<form id=\"forminator-module-350\" class=\"forminator-custom-form forminator-custom-form-350\" method=\"post\" data-forminator-render=\"0\" data-uid=\"69f9ff508bb62\"><div role=\"alert\" aria-live=\"polite\" class=\"forminator-response-message forminator-error\" aria-hidden=\"true\"><\/div><\/form>\n<\/div>\n<div>\n<div class=\"notice\">\n<p>Voc\u00ea j\u00e1 enviou sua autoavalia\u00e7\u00e3o.<br \/>\n                Confira seus resultados <a href=\"\/es\/your-digital-action-plan-guide\">aqui<\/a>\n                <\/p>\n<\/p><\/div>\n<\/div>\n<div>            <div class=\"loggedout-notice\">\n                You need to <a href=\"#login\">log in<\/a> or <a href=\"\/registration\/\">create an account<\/a> to submit the self-assessment            <\/div>\n        <\/div>\n<p><!--more--><br \/>\n<!-- {\"type\":\"layout\",\"children\":[{\"type\":\"section\",\"props\":{\"height\":\"expand\",\"image_position\":\"center-center\",\"style\":\"default\",\"title_breakpoint\":\"xl\",\"title_position\":\"top-left\",\"title_rotation\":\"left\",\"vertical_align\":\"middle\",\"width\":\"default\"},\"children\":[{\"type\":\"row\",\"children\":[{\"type\":\"column\",\"props\":{\"image_position\":\"center-center\",\"media_overlay_gradient\":\"\",\"position_sticky_breakpoint\":\"m\"},\"children\":[{\"type\":\"breadcrumbs\",\"props\":{\"show_current\":true,\"show_home\":true}},{\"type\":\"headline\",\"props\":{\"class\":\"page-header\",\"title_element\":\"h1\"},\"source\":{\"query\":{\"name\":\"pages.singlePage\"},\"props\":{\"content\":{\"filters\":{\"search\":\"\"},\"name\":\"title\"}}}}]}]},{\"type\":\"row\",\"children\":[{\"type\":\"column\",\"props\":{\"image_position\":\"center-center\",\"media_overlay_gradient\":\"\",\"position_sticky_breakpoint\":\"m\"},\"children\":[{\"type\":\"text\",\"props\":{\"column_breakpoint\":\"m\",\"content\":\"El tutor inteligente le dar\\u00e1 instrucciones paso a paso para preparar un plan de acci\\u00f3n digital basado en una autoevaluaci\\u00f3n de la capacidad digital de su organizaci\\u00f3n. Respondamos las siguientes preguntas con integridad y honestidad, y dejemos el resto a nosotros. Al final de la evaluaci\\u00f3n, se le proporcionar\\u00e1n recomendaciones integrales para la transformaci\\u00f3n digital que puede discutir con la gerencia de su organizaci\\u00f3n.\\n\",\"margin\":\"default\"}},{\"type\":\"text\",\"props\":{\"column_breakpoint\":\"m\",\"content\":\"[hide_form_to_user]\\n\n\n<p>[forminator_form id=\\\"350\\\"]<\\\/p>\",\"margin\":\"default\"}},{\"type\":\"html\",\"props\":{\"content\":\"\n\n<div class=\\\"notice\\\">\\n                \n\n<p>Voc\\u00ea j\\u00e1 enviou sua autoavalia\\u00e7\\u00e3o.<br \/>\\n                Confira seus resultados <a href=\\\"\\\/es\\\/your-digital-action-plan-guide\\\">aqui<\\\/a>\\n                <\\\/p>\\n            <\\\/div>\",\"css\":\".notice{\\n    display: none;\\n}\"}},{\"type\":\"text\",\"props\":{\"column_breakpoint\":\"m\",\"content\":\"[display_notice_loggedOut]\",\"margin\":\"default\"}}]}]}]}],\"version\":\"3.0.10\"} --><\/p>\n","protected":false},"excerpt":{"rendered":"<p>El tutor inteligente le dar\u00e1 instrucciones paso a paso para preparar un plan de acci\u00f3n digital basado en una autoevaluaci\u00f3n de la capacidad digital de..<\/p>\n","protected":false},"author":1,"featured_media":0,"parent":0,"menu_order":0,"comment_status":"closed","ping_status":"closed","template":"","meta":{"_acf_changed":false,"_bbp_topic_count":0,"_bbp_reply_count":0,"_bbp_total_topic_count":0,"_bbp_total_reply_count":0,"_bbp_voice_count":0,"_bbp_anonymous_reply_count":0,"_bbp_topic_count_hidden":0,"_bbp_reply_count_hidden":0,"_bbp_forum_subforum_count":0,"footnotes":""},"class_list":["post-308","page","type-page","status-publish","hentry"],"acf":[],"_links":{"self":[{"href":"https:\/\/elearning.grooveproject.eu\/es\/wp-json\/wp\/v2\/pages\/308","targetHints":{"allow":["GET"]}}],"collection":[{"href":"https:\/\/elearning.grooveproject.eu\/es\/wp-json\/wp\/v2\/pages"}],"about":[{"href":"https:\/\/elearning.grooveproject.eu\/es\/wp-json\/wp\/v2\/types\/page"}],"author":[{"embeddable":true,"href":"https:\/\/elearning.grooveproject.eu\/es\/wp-json\/wp\/v2\/users\/1"}],"replies":[{"embeddable":true,"href":"https:\/\/elearning.grooveproject.eu\/es\/wp-json\/wp\/v2\/comments?post=308"}],"version-history":[{"count":5,"href":"https:\/\/elearning.grooveproject.eu\/es\/wp-json\/wp\/v2\/pages\/308\/revisions"}],"predecessor-version":[{"id":362,"href":"https:\/\/elearning.grooveproject.eu\/es\/wp-json\/wp\/v2\/pages\/308\/revisions\/362"}],"wp:attachment":[{"href":"https:\/\/elearning.grooveproject.eu\/es\/wp-json\/wp\/v2\/media?parent=308"}],"curies":[{"name":"wp","href":"https:\/\/api.w.org\/{rel}","templated":true}]}}