{"id":305,"date":"2022-11-14T12:06:33","date_gmt":"2022-11-14T12:06:33","guid":{"rendered":"https:\/\/elearning.grooveproject.eu\/home\/"},"modified":"2023-10-02T11:14:08","modified_gmt":"2023-10-02T11:14:08","slug":"home","status":"publish","type":"page","link":"https:\/\/elearning.grooveproject.eu\/es\/","title":{"rendered":"Home"},"content":{"rendered":"<p><img decoding=\"async\" src=\"\/wp-content\/uploads\/2023\/04\/GROOVE_text-15.png\" alt=\"\"><\/p>\n<h2>Transformaci\u00f3n digital <br \/>del sector de Formaci\u00f3n profesional<\/h2>\n<div>\n<p><a href=\"#login\">Inicie sesi\u00f3n<\/a> o <a href=\"\/registration\/\">cree una cuenta<\/a> para obtener acceso gratuito al tutor inteligente de transformaci\u00f3n digital y al espacio de aprendizaje en l\u00ednea. La plataforma educativa incluye una autoevaluaci\u00f3n de la capacidad digital de su organizaci\u00f3n y un plan de acci\u00f3n digital recomendado, un paquete de formaci\u00f3n interactivo para proveedores de EFP, REA para herramientas y recursos digitales, y un foro de servicios electr\u00f3nicos para la creaci\u00f3n de redes y el intercambio de buenas pr\u00e1cticas.<\/p>\n<\/div>\n<p><img decoding=\"async\" src=\"\/wp-content\/uploads\/2023\/04\/home-intro-illustration.png\" alt=\"\"><\/p>\n<ul>\n<li>\n<p>        <img decoding=\"async\" src=\"\/wp-content\/uploads\/2023\/04\/intelligent-tutor.png\" alt=\"Intelligent tutor\"><\/p>\n<h4>Inteligente<\/h4>\n<p><a href=\"\/es\/intelligent-tutor\/\"><\/a><\/p>\n<\/li>\n<li>\n<p>        <img decoding=\"async\" src=\"\/wp-content\/uploads\/2023\/04\/training-package.png\" alt=\"\"><\/p>\n<h4>Paquete de formaci\u00f3n<\/h4>\n<p><a href=\"\/es\/courses\/training-package\/\"><\/a><\/p>\n<\/li>\n<li>\n<p>        <img decoding=\"async\" src=\"\/wp-content\/uploads\/2023\/04\/OERs.png\" alt=\"\"><\/p>\n<h4>Recursos de Acceso Libre<\/h4>\n<p><a href=\"\/es\/oer-resources\/\"><\/a><\/p>\n<\/li>\n<li>\n<p>        <img decoding=\"async\" src=\"\/wp-content\/uploads\/2023\/04\/eService.png\" alt=\"\"><\/p>\n<h4>eService &#8211; Foro<\/h4>\n<p><a href=\"\/es\/forums\/forum\/eservice-3\/\"><\/a><\/p>\n<\/li>\n<\/ul>\n<p><!--more--><br \/>\n<!-- {\"type\":\"layout\",\"children\":[{\"type\":\"section\",\"props\":{\"animation\":\"fade\",\"css\":\".el-section{\\n\\tbackground-color: #f2f2f2;\\n}\",\"image_position\":\"center-center\",\"style\":\"default\",\"title_breakpoint\":\"xl\",\"title_position\":\"top-left\",\"title_rotation\":\"left\",\"vertical_align\":\"middle\",\"width\":\"default\"},\"children\":[{\"type\":\"row\",\"children\":[{\"type\":\"column\",\"props\":{\"image_position\":\"center-center\",\"media_overlay_gradient\":\"\",\"position_sticky_breakpoint\":\"m\",\"vertical_align\":\"middle\",\"width_medium\":\"1-2\"},\"children\":[{\"type\":\"image\",\"props\":{\"animation\":\"slide-bottom-small\",\"image\":\"wp-content\\\/uploads\\\/2023\\\/04\\\/GROOVE_text-15.png\",\"image_svg_color\":\"emphasis\",\"margin\":\"default\"}},{\"type\":\"headline\",\"props\":{\"animation\":\"slide-bottom-small\",\"content\":\"Transformaci\\u00f3n digital <br \\\/>del sector de Formaci\\u00f3n profesional\",\"css\":\".el-element{\\n\\tcolor: #f58d4e;\\n}\",\"margin\":\"small\",\"title_element\":\"h2\"}},{\"type\":\"text\",\"props\":{\"column_breakpoint\":\"m\",\"content\":\"\n\n<p><a href=\\\"#login\\\">Inicie sesi\\u00f3n<\\\/a> o <a href=\\\"\\\/registration\\\/\\\">cree una cuenta<\\\/a> para obtener acceso gratuito al tutor inteligente de transformaci\\u00f3n digital y al espacio de aprendizaje en l\\u00ednea. La plataforma educativa incluye una autoevaluaci\\u00f3n de la capacidad digital de su organizaci\\u00f3n y un plan de acci\\u00f3n digital recomendado, un paquete de formaci\\u00f3n interactivo para proveedores de EFP, REA para herramientas y recursos digitales, y un foro de servicios electr\\u00f3nicos para la creaci\\u00f3n de redes y el intercambio de buenas pr\\u00e1cticas.<\\\/p>\",\"margin\":\"default\"}}]},{\"type\":\"column\",\"props\":{\"image_position\":\"center-center\",\"media_overlay_gradient\":\"\",\"position_sticky_breakpoint\":\"m\",\"vertical_align\":\"middle\",\"width_medium\":\"1-2\"},\"children\":[{\"type\":\"image\",\"props\":{\"animation\":\"slide-right-medium\",\"image\":\"wp-content\\\/uploads\\\/2023\\\/04\\\/home-intro-illustration.png\",\"image_svg_color\":\"emphasis\",\"margin\":\"default\"}}]}],\"props\":{\"layout\":\"1-2,1-2\"}}]},{\"type\":\"section\",\"props\":{\"animation\":\"slide-bottom-small\",\"css\":\".el-section{\\n\\tbackground-color: #4f5c8e;\\n}\",\"image_position\":\"center-center\",\"style\":\"default\",\"title_breakpoint\":\"xl\",\"title_position\":\"top-left\",\"title_rotation\":\"left\",\"vertical_align\":\"middle\",\"width\":\"default\"},\"children\":[{\"type\":\"row\",\"children\":[{\"type\":\"column\",\"props\":{\"image_position\":\"center-center\",\"media_overlay_gradient\":\"\",\"position_sticky_breakpoint\":\"m\"},\"children\":[{\"type\":\"grid\",\"props\":{\"animation\":\"slide-bottom-small\",\"content_column_breakpoint\":\"m\",\"css\":\".el-item{\\n\\tbackground-color: #fff;\\n    padding: 15px;\\n    border-radius: 20px;\\n    position: relative;\\n    top: 0;\\n    transition: all .3s;\\n}\\n.el-title{\\n\\tcolor: #4f5c8e;\\n    font-weight: 600;\\n}\\n.el-item:hover{\\n\\ttop: -7px;\\n}\",\"filter_align\":\"left\",\"filter_all\":true,\"filter_grid_breakpoint\":\"m\",\"filter_grid_width\":\"auto\",\"filter_position\":\"top\",\"filter_style\":\"tab\",\"grid_column_align\":false,\"grid_default\":\"1\",\"grid_medium\":\"2\",\"grid_small\":\"2\",\"icon_width\":80,\"image_align\":\"top\",\"image_grid_breakpoint\":\"m\",\"image_grid_width\":\"1-2\",\"image_svg_color\":\"emphasis\",\"item_animation\":true,\"link_style\":\"default\",\"link_text\":\"\",\"margin\":\"default\",\"meta_align\":\"below-title\",\"meta_element\":\"div\",\"meta_style\":\"text-meta\",\"panel_link\":true,\"panel_padding\":\"\",\"show_content\":true,\"show_image\":true,\"show_link\":true,\"show_meta\":true,\"show_title\":true,\"text_align\":\"center\",\"title_align\":\"top\",\"title_element\":\"h4\",\"title_grid_breakpoint\":\"m\",\"title_grid_width\":\"1-2\",\"title_hover_style\":\"reset\"},\"children\":[{\"type\":\"grid_item\",\"props\":{\"image\":\"wp-content\\\/uploads\\\/2023\\\/04\\\/intelligent-tutor.png\",\"image_alt\":\"Intelligent tutor\",\"link\":\"es\\\/intelligent-tutor\\\/\",\"title\":\"Inteligente\"}},{\"type\":\"grid_item\",\"props\":{\"image\":\"wp-content\\\/uploads\\\/2023\\\/04\\\/training-package.png\",\"link\":\"\\\/es\\\/courses\\\/training-package\\\/\",\"title\":\"Paquete de formaci\\u00f3n\"}},{\"type\":\"grid_item\",\"props\":{\"image\":\"wp-content\\\/uploads\\\/2023\\\/04\\\/OERs.png\",\"link\":\"es\\\/oer-resources\\\/\",\"title\":\"Recursos de Acceso Libre\"}},{\"type\":\"grid_item\",\"props\":{\"image\":\"wp-content\\\/uploads\\\/2023\\\/04\\\/eService.png\",\"link\":\"\\\/es\\\/forums\\\/forum\\\/eservice-3\\\/\",\"title\":\"eService - Foro\"}}]}]}]}]}],\"version\":\"3.0.10\"} --><\/p>\n","protected":false},"excerpt":{"rendered":"<p>Transformaci\u00f3n digital del sector de Formaci\u00f3n profesional Inicie sesi\u00f3n o cree una cuenta para obtener acceso gratuito al tutor inteligente de transformaci\u00f3n digital y al..<\/p>\n","protected":false},"author":1,"featured_media":0,"parent":0,"menu_order":0,"comment_status":"closed","ping_status":"closed","template":"","meta":{"_acf_changed":false,"_bbp_topic_count":0,"_bbp_reply_count":0,"_bbp_total_topic_count":0,"_bbp_total_reply_count":0,"_bbp_voice_count":0,"_bbp_anonymous_reply_count":0,"_bbp_topic_count_hidden":0,"_bbp_reply_count_hidden":0,"_bbp_forum_subforum_count":0,"footnotes":""},"class_list":["post-305","page","type-page","status-publish","hentry"],"acf":[],"_links":{"self":[{"href":"https:\/\/elearning.grooveproject.eu\/es\/wp-json\/wp\/v2\/pages\/305","targetHints":{"allow":["GET"]}}],"collection":[{"href":"https:\/\/elearning.grooveproject.eu\/es\/wp-json\/wp\/v2\/pages"}],"about":[{"href":"https:\/\/elearning.grooveproject.eu\/es\/wp-json\/wp\/v2\/types\/page"}],"author":[{"embeddable":true,"href":"https:\/\/elearning.grooveproject.eu\/es\/wp-json\/wp\/v2\/users\/1"}],"replies":[{"embeddable":true,"href":"https:\/\/elearning.grooveproject.eu\/es\/wp-json\/wp\/v2\/comments?post=305"}],"version-history":[{"count":5,"href":"https:\/\/elearning.grooveproject.eu\/es\/wp-json\/wp\/v2\/pages\/305\/revisions"}],"predecessor-version":[{"id":668,"href":"https:\/\/elearning.grooveproject.eu\/es\/wp-json\/wp\/v2\/pages\/305\/revisions\/668"}],"wp:attachment":[{"href":"https:\/\/elearning.grooveproject.eu\/es\/wp-json\/wp\/v2\/media?parent=305"}],"curies":[{"name":"wp","href":"https:\/\/api.w.org\/{rel}","templated":true}]}}