{"id":315,"date":"2023-04-12T10:03:19","date_gmt":"2023-04-12T10:03:19","guid":{"rendered":"https:\/\/elearning.grooveproject.eu\/your-digital-action-plan-guide\/"},"modified":"2023-07-05T14:24:00","modified_gmt":"2023-07-05T14:24:00","slug":"your-digital-action-plan-guide","status":"publish","type":"page","link":"https:\/\/elearning.grooveproject.eu\/de\/your-digital-action-plan-guide\/","title":{"rendered":"Anleitung f\u00fcr Ihren digitalen Aktionsplan"},"content":{"rendered":"<div>Herzlichen Gl\u00fcckwunsch zur Durchf\u00fchrung der Selbsteinsch\u00e4tzung! Wir haben f\u00fcr Sie Empfehlungen zu jedem Bereich der digitalen Transformation vorbereitet, die sich an den Kapazit\u00e4ten Ihrer Organisation orientieren. Sie k\u00f6nnen diese mit Ihrer Unternehmensleitung besprechen, um die f\u00fcr Sie am besten geeigneten L\u00f6sungen zu ermitteln. Denken Sie immer daran, dass Verbesserung ein kontinuierlicher und gemeinschaftlicher Prozess ist.<\/div>\n<div><\/div>\n<ul>\n<li>\n<p>        <img decoding=\"async\" src=\"\/wp-content\/uploads\/2023\/04\/training-package.png\" alt=\"\"><\/p>\n<h4>Trainingspaket<\/h4>\n<\/li>\n<li>\n<p>        <img decoding=\"async\" src=\"\/wp-content\/uploads\/2023\/04\/OERs.png\" alt=\"\"><\/p>\n<h4>OER-Ressourcen<\/h4>\n<\/li>\n<li>\n<p>        <img decoding=\"async\" src=\"\/wp-content\/uploads\/2023\/04\/eService.png\" alt=\"\"><\/p>\n<h4>eService &#8211; Forum<\/h4>\n<\/li>\n<\/ul>\n<p><!--more--><br \/>\n<!-- {\"type\":\"layout\",\"children\":[{\"type\":\"section\",\"props\":{\"animation\":\"fade\",\"height\":\"expand\",\"image_position\":\"center-center\",\"style\":\"default\",\"title_breakpoint\":\"xl\",\"title_position\":\"top-left\",\"title_rotation\":\"left\",\"vertical_align\":\"middle\",\"width\":\"default\"},\"children\":[{\"type\":\"row\",\"children\":[{\"type\":\"column\",\"props\":{\"image_position\":\"center-center\",\"media_overlay_gradient\":\"\",\"position_sticky_breakpoint\":\"m\"},\"children\":[{\"type\":\"breadcrumbs\",\"props\":{\"show_current\":true,\"show_home\":true}},{\"type\":\"headline\",\"props\":{\"class\":\"page-header\",\"title_element\":\"h1\"},\"source\":{\"query\":{\"name\":\"pages.singlePage\"},\"props\":{\"content\":{\"filters\":{\"search\":\"\"},\"name\":\"title\"}}}}]}]},{\"type\":\"row\",\"children\":[{\"type\":\"column\",\"props\":{\"image_position\":\"center-center\",\"media_overlay_gradient\":\"\",\"position_sticky_breakpoint\":\"m\"},\"children\":[{\"type\":\"text\",\"props\":{\"column_breakpoint\":\"m\",\"content\":\"Herzlichen Gl\\u00fcckwunsch zur Durchf\\u00fchrung der Selbsteinsch\\u00e4tzung! Wir haben f\\u00fcr Sie Empfehlungen zu jedem Bereich der digitalen Transformation vorbereitet, die sich an den Kapazit\\u00e4ten Ihrer Organisation orientieren. Sie k\\u00f6nnen diese mit Ihrer Unternehmensleitung besprechen, um die f\\u00fcr Sie am besten geeigneten L\\u00f6sungen zu ermitteln. Denken Sie immer daran, dass Verbesserung ein kontinuierlicher und gemeinschaftlicher Prozess ist.\",\"margin\":\"default\"}},{\"type\":\"text\",\"props\":{\"column_breakpoint\":\"m\",\"content\":\"[display_user_results]\",\"margin\":\"default\"}}]}]}]},{\"type\":\"section\",\"props\":{\"css\":\".el-section{\\n\\tbackground-color: #4f5c8e;\\n}\",\"image_position\":\"center-center\",\"style\":\"default\",\"title_breakpoint\":\"xl\",\"title_position\":\"top-left\",\"title_rotation\":\"left\",\"vertical_align\":\"middle\",\"width\":\"default\"},\"children\":[{\"type\":\"row\",\"children\":[{\"type\":\"column\",\"props\":{\"image_position\":\"center-center\",\"media_overlay_gradient\":\"\",\"position_sticky_breakpoint\":\"m\"},\"children\":[{\"type\":\"grid\",\"props\":{\"animation\":\"slide-bottom-small\",\"content_column_breakpoint\":\"m\",\"css\":\".el-item{\\n\\tbackground-color: #fff;\\n    padding: 15px;\\n    border-radius: 20px;\\n    position: relative;\\n    top: 0;\\n    transition: all .3s;\\n}\\n.el-title{\\n\\tcolor: #4f5c8e;\\n    font-weight: 600;\\n}\\n.el-item:hover{\\n\\ttop: -7px;\\n}\",\"filter_align\":\"left\",\"filter_all\":true,\"filter_grid_breakpoint\":\"m\",\"filter_grid_width\":\"auto\",\"filter_position\":\"top\",\"filter_style\":\"tab\",\"grid_default\":\"1\",\"grid_medium\":\"3\",\"grid_small\":\"3\",\"icon_width\":80,\"image_align\":\"top\",\"image_grid_breakpoint\":\"m\",\"image_grid_width\":\"1-2\",\"image_svg_color\":\"emphasis\",\"item_animation\":true,\"link_style\":\"default\",\"link_text\":\"Read more\",\"margin\":\"default\",\"meta_align\":\"below-title\",\"meta_element\":\"div\",\"meta_style\":\"text-meta\",\"panel_link\":true,\"show_content\":true,\"show_image\":true,\"show_link\":true,\"show_meta\":true,\"show_title\":true,\"text_align\":\"center\",\"title_align\":\"top\",\"title_element\":\"h4\",\"title_grid_breakpoint\":\"m\",\"title_grid_width\":\"1-2\",\"title_hover_style\":\"reset\"},\"children\":[{\"type\":\"grid_item\",\"props\":{\"image\":\"wp-content\\\/uploads\\\/2023\\\/04\\\/training-package.png\",\"title\":\"Trainingspaket\"}},{\"type\":\"grid_item\",\"props\":{\"image\":\"wp-content\\\/uploads\\\/2023\\\/04\\\/OERs.png\",\"title\":\"OER-Ressourcen\"}},{\"type\":\"grid_item\",\"props\":{\"image\":\"wp-content\\\/uploads\\\/2023\\\/04\\\/eService.png\",\"title\":\"eService - Forum\"}}]}]}]}]}],\"version\":\"3.0.10\"} --><\/p>\n","protected":false},"excerpt":{"rendered":"<p>Herzlichen Gl\u00fcckwunsch zur Durchf\u00fchrung der Selbsteinsch\u00e4tzung! Wir haben f\u00fcr Sie Empfehlungen zu jedem Bereich der digitalen Transformation vorbereitet, die sich an den Kapazit\u00e4ten Ihrer Organisation..<\/p>\n","protected":false},"author":1,"featured_media":0,"parent":0,"menu_order":0,"comment_status":"closed","ping_status":"closed","template":"","meta":{"_acf_changed":false,"_bbp_topic_count":0,"_bbp_reply_count":0,"_bbp_total_topic_count":0,"_bbp_total_reply_count":0,"_bbp_voice_count":0,"_bbp_anonymous_reply_count":0,"_bbp_topic_count_hidden":0,"_bbp_reply_count_hidden":0,"_bbp_forum_subforum_count":0,"footnotes":""},"class_list":["post-315","page","type-page","status-publish","hentry"],"acf":[],"_links":{"self":[{"href":"https:\/\/elearning.grooveproject.eu\/de\/wp-json\/wp\/v2\/pages\/315","targetHints":{"allow":["GET"]}}],"collection":[{"href":"https:\/\/elearning.grooveproject.eu\/de\/wp-json\/wp\/v2\/pages"}],"about":[{"href":"https:\/\/elearning.grooveproject.eu\/de\/wp-json\/wp\/v2\/types\/page"}],"author":[{"embeddable":true,"href":"https:\/\/elearning.grooveproject.eu\/de\/wp-json\/wp\/v2\/users\/1"}],"replies":[{"embeddable":true,"href":"https:\/\/elearning.grooveproject.eu\/de\/wp-json\/wp\/v2\/comments?post=315"}],"version-history":[{"count":2,"href":"https:\/\/elearning.grooveproject.eu\/de\/wp-json\/wp\/v2\/pages\/315\/revisions"}],"predecessor-version":[{"id":327,"href":"https:\/\/elearning.grooveproject.eu\/de\/wp-json\/wp\/v2\/pages\/315\/revisions\/327"}],"wp:attachment":[{"href":"https:\/\/elearning.grooveproject.eu\/de\/wp-json\/wp\/v2\/media?parent=315"}],"curies":[{"name":"wp","href":"https:\/\/api.w.org\/{rel}","templated":true}]}}