{"id":306,"date":"2023-04-12T07:48:30","date_gmt":"2023-04-12T07:48:30","guid":{"rendered":"https:\/\/elearning.grooveproject.eu\/intelligent-tutor\/"},"modified":"2023-07-05T14:21:49","modified_gmt":"2023-07-05T14:21:49","slug":"intelligent-tutor","status":"publish","type":"page","link":"https:\/\/elearning.grooveproject.eu\/de\/intelligent-tutor\/","title":{"rendered":"Intelligenter Tutor"},"content":{"rendered":"<div>Der intelligente Tutor gibt Ihnen schrittweise eine Anleitung zur Erstellung eines digitalen Aktionsplans auf der Grundlage einer Selbsteinsch\u00e4tzung der digitalen Kapazit\u00e4ten Ihrer Organisation. Beantworten Sie die folgenden Fragen ehrlich und aufrichtig und \u00fcberlassen Sie uns den Rest. Am Ende der Einsch\u00e4tzung erhalten Sie umfassende Empfehlungen f\u00fcr die digitale Transformation Ihrer Organisation, die Sie mit der Unternehmensleitung besprechen k\u00f6nnen.<\/div>\n<div><\/p>\n<form id=\"forminator-module-234\" class=\"forminator-custom-form forminator-custom-form-234\" method=\"post\" data-forminator-render=\"0\" data-uid=\"69f9ff4231e81\"><div role=\"alert\" aria-live=\"polite\" class=\"forminator-response-message forminator-error\" aria-hidden=\"true\"><\/div><\/form>\n<\/div>\n<div>\n<div class=\"notice\">\n<p>Sie haben Ihre Selbstauskunft bereits eingereicht.<br \/>\n                \u00dcberpr\u00fcfen Sie hier <a href=\"\/your-digital-action-plan-guide\">Ihre<\/a> Ergebnisse\n                <\/p>\n<\/p><\/div>\n<\/div>\n<div>            <div class=\"loggedout-notice\">\n                You need to <a href=\"#login\">log in<\/a> or <a href=\"\/registration\/\">create an account<\/a> to submit the self-assessment            <\/div>\n        <\/div>\n<p><!--more--><br \/>\n<!-- {\"type\":\"layout\",\"children\":[{\"type\":\"section\",\"props\":{\"height\":\"expand\",\"image_position\":\"center-center\",\"style\":\"default\",\"title_breakpoint\":\"xl\",\"title_position\":\"top-left\",\"title_rotation\":\"left\",\"vertical_align\":\"middle\",\"width\":\"default\"},\"children\":[{\"type\":\"row\",\"children\":[{\"type\":\"column\",\"props\":{\"image_position\":\"center-center\",\"media_overlay_gradient\":\"\",\"position_sticky_breakpoint\":\"m\"},\"children\":[{\"type\":\"breadcrumbs\",\"props\":{\"show_current\":true,\"show_home\":true}},{\"type\":\"headline\",\"props\":{\"class\":\"page-header\",\"title_element\":\"h1\"},\"source\":{\"query\":{\"name\":\"pages.singlePage\"},\"props\":{\"content\":{\"filters\":{\"search\":\"\"},\"name\":\"title\"}}}}]}]},{\"type\":\"row\",\"children\":[{\"type\":\"column\",\"props\":{\"image_position\":\"center-center\",\"media_overlay_gradient\":\"\",\"position_sticky_breakpoint\":\"m\"},\"children\":[{\"type\":\"text\",\"props\":{\"column_breakpoint\":\"m\",\"content\":\"Der intelligente Tutor gibt Ihnen schrittweise eine Anleitung zur Erstellung eines digitalen Aktionsplans auf der Grundlage einer Selbsteinsch\\u00e4tzung der digitalen Kapazit\\u00e4ten Ihrer Organisation. Beantworten Sie die folgenden Fragen ehrlich und aufrichtig und \\u00fcberlassen Sie uns den Rest. Am Ende der Einsch\\u00e4tzung erhalten Sie umfassende Empfehlungen f\\u00fcr die digitale Transformation Ihrer Organisation, die Sie mit der Unternehmensleitung besprechen k\\u00f6nnen.\",\"margin\":\"default\"}},{\"type\":\"text\",\"props\":{\"column_breakpoint\":\"m\",\"content\":\"[hide_form_to_user]\\n\n\n<p>[forminator_form id=\\\"234\\\"]<\\\/p>\",\"margin\":\"default\"}},{\"type\":\"html\",\"props\":{\"content\":\"\n\n<div class=\\\"notice\\\">\\n                \n\n<p>Sie haben Ihre Selbstauskunft bereits eingereicht.<br \/>\\n                \\u00dcberpr\\u00fcfen Sie hier <a href=\\\"\\\/your-digital-action-plan-guide\\\">Ihre<\\\/a> Ergebnisse\\n                <\\\/p>\\n            <\\\/div>\",\"css\":\".notice{\\n    display: none;\\n}\"}},{\"type\":\"text\",\"props\":{\"column_breakpoint\":\"m\",\"content\":\"[display_notice_loggedOut]\",\"margin\":\"default\"}}]}]}]}],\"version\":\"3.0.10\"} --><\/p>\n","protected":false},"excerpt":{"rendered":"<p>Der intelligente Tutor gibt Ihnen schrittweise eine Anleitung zur Erstellung eines digitalen Aktionsplans auf der Grundlage einer Selbsteinsch\u00e4tzung der digitalen Kapazit\u00e4ten Ihrer Organisation. Beantworten Sie..<\/p>\n","protected":false},"author":1,"featured_media":0,"parent":0,"menu_order":0,"comment_status":"closed","ping_status":"closed","template":"","meta":{"_acf_changed":false,"_bbp_topic_count":0,"_bbp_reply_count":0,"_bbp_total_topic_count":0,"_bbp_total_reply_count":0,"_bbp_voice_count":0,"_bbp_anonymous_reply_count":0,"_bbp_topic_count_hidden":0,"_bbp_reply_count_hidden":0,"_bbp_forum_subforum_count":0,"footnotes":""},"class_list":["post-306","page","type-page","status-publish","hentry"],"acf":[],"_links":{"self":[{"href":"https:\/\/elearning.grooveproject.eu\/de\/wp-json\/wp\/v2\/pages\/306","targetHints":{"allow":["GET"]}}],"collection":[{"href":"https:\/\/elearning.grooveproject.eu\/de\/wp-json\/wp\/v2\/pages"}],"about":[{"href":"https:\/\/elearning.grooveproject.eu\/de\/wp-json\/wp\/v2\/types\/page"}],"author":[{"embeddable":true,"href":"https:\/\/elearning.grooveproject.eu\/de\/wp-json\/wp\/v2\/users\/1"}],"replies":[{"embeddable":true,"href":"https:\/\/elearning.grooveproject.eu\/de\/wp-json\/wp\/v2\/comments?post=306"}],"version-history":[{"count":2,"href":"https:\/\/elearning.grooveproject.eu\/de\/wp-json\/wp\/v2\/pages\/306\/revisions"}],"predecessor-version":[{"id":323,"href":"https:\/\/elearning.grooveproject.eu\/de\/wp-json\/wp\/v2\/pages\/306\/revisions\/323"}],"wp:attachment":[{"href":"https:\/\/elearning.grooveproject.eu\/de\/wp-json\/wp\/v2\/media?parent=306"}],"curies":[{"name":"wp","href":"https:\/\/api.w.org\/{rel}","templated":true}]}}