{"id":303,"date":"2022-11-14T12:06:33","date_gmt":"2022-11-14T12:06:33","guid":{"rendered":"https:\/\/elearning.grooveproject.eu\/home\/"},"modified":"2023-11-07T10:30:03","modified_gmt":"2023-11-07T10:30:03","slug":"home","status":"publish","type":"page","link":"https:\/\/elearning.grooveproject.eu\/de\/","title":{"rendered":"Home"},"content":{"rendered":"<p><img decoding=\"async\" src=\"\/wp-content\/uploads\/2023\/04\/GROOVE_text-15.png\" alt=\"\"><\/p>\n<h2>Digitale Transformation <br \/>des Berufsbildungssektors<\/h2>\n<div>\n<p><a href=\"#login\">Melden Sie sich an<\/a> oder <a href=\"\/registration\/\">erstellen Sie ein Konto<\/a>, um kostenlosen Zugriff auf den intelligenten Tutor f\u00fcr digitale Transformation und den Online-Lernbereich zu erhalten. Die Lernplattform erm\u00f6glicht eine Selbsteinsch\u00e4tzung der digitalen Kapazit\u00e4ten Ihrer Organisation und beinhaltet einen empfohlenen digitalen Aktionsplan, ein interaktives Trainingspaket f\u00fcr Berufsbildungseinrichtungen, OERs f\u00fcr digitale Werkzeuge und Ressourcen sowie ein eService-Forum f\u00fcr die Vernetzung und den Austausch bew\u00e4hrter Verfahren.<\/p>\n<\/div>\n<p><img decoding=\"async\" src=\"\/wp-content\/uploads\/2023\/04\/home-intro-illustration.png\" alt=\"\"><\/p>\n<ul>\n<li>\n<p>        <img decoding=\"async\" src=\"\/wp-content\/uploads\/2023\/04\/intelligent-tutor.png\" alt=\"Intelligent tutor\"><\/p>\n<h4>Intelligenter Tutor<\/h4>\n<p><a href=\"\/de\/intelligent-tutor\/\"><\/a><\/p>\n<\/li>\n<li>\n<p>        <img decoding=\"async\" src=\"\/wp-content\/uploads\/2023\/04\/training-package.png\" alt=\"\"><\/p>\n<h4>Trainingspaket<\/h4>\n<p><a href=\"\/de\/courses\/training-package\/\"><\/a><\/p>\n<\/li>\n<li>\n<p>        <img decoding=\"async\" src=\"\/wp-content\/uploads\/2023\/04\/OERs.png\" alt=\"\"><\/p>\n<h4>OER-Ressourcen<\/h4>\n<p><a href=\"\/de\/oer-resources\"><\/a><\/p>\n<\/li>\n<li>\n<p>        <img decoding=\"async\" src=\"\/wp-content\/uploads\/2023\/04\/eService.png\" alt=\"\"><\/p>\n<h4>eService &#8211; Forum<\/h4>\n<p><a href=\"\/de\/forums\/forum\/eservice-3\/\"><\/a><\/p>\n<\/li>\n<\/ul>\n<p><!--more--><br \/>\n<!-- {\"type\":\"layout\",\"children\":[{\"type\":\"section\",\"props\":{\"animation\":\"fade\",\"css\":\".el-section{\\n\\tbackground-color: #f2f2f2;\\n}\",\"image_position\":\"center-center\",\"style\":\"default\",\"title_breakpoint\":\"xl\",\"title_position\":\"top-left\",\"title_rotation\":\"left\",\"vertical_align\":\"middle\",\"width\":\"default\"},\"children\":[{\"type\":\"row\",\"children\":[{\"type\":\"column\",\"props\":{\"image_position\":\"center-center\",\"media_overlay_gradient\":\"\",\"position_sticky_breakpoint\":\"m\",\"vertical_align\":\"middle\",\"width_medium\":\"1-2\"},\"children\":[{\"type\":\"image\",\"props\":{\"animation\":\"slide-bottom-small\",\"image\":\"wp-content\\\/uploads\\\/2023\\\/04\\\/GROOVE_text-15.png\",\"image_svg_color\":\"emphasis\",\"margin\":\"default\"}},{\"type\":\"headline\",\"props\":{\"animation\":\"slide-bottom-small\",\"content\":\"Digitale Transformation <br \\\/>des Berufsbildungssektors\",\"css\":\".el-element{\\n\\tcolor: #f58d4e;\\n}\",\"margin\":\"small\",\"title_element\":\"h2\"}},{\"type\":\"text\",\"props\":{\"column_breakpoint\":\"m\",\"content\":\"\n\n<p><a href=\\\"#login\\\">Melden Sie sich an<\\\/a> oder <a href=\\\"\\\/registration\\\/\\\">erstellen Sie ein Konto<\\\/a>, um kostenlosen Zugriff auf den intelligenten Tutor f\\u00fcr digitale Transformation und den Online-Lernbereich zu erhalten. Die Lernplattform erm\\u00f6glicht eine Selbsteinsch\\u00e4tzung der digitalen Kapazit\\u00e4ten Ihrer Organisation und beinhaltet einen empfohlenen digitalen Aktionsplan, ein interaktives Trainingspaket f\\u00fcr Berufsbildungseinrichtungen, OERs f\\u00fcr digitale Werkzeuge und Ressourcen sowie ein eService-Forum f\\u00fcr die Vernetzung und den Austausch bew\\u00e4hrter Verfahren.<\\\/p>\",\"margin\":\"default\"}}]},{\"type\":\"column\",\"props\":{\"image_position\":\"center-center\",\"media_overlay_gradient\":\"\",\"position_sticky_breakpoint\":\"m\",\"vertical_align\":\"middle\",\"width_medium\":\"1-2\"},\"children\":[{\"type\":\"image\",\"props\":{\"animation\":\"slide-right-medium\",\"image\":\"wp-content\\\/uploads\\\/2023\\\/04\\\/home-intro-illustration.png\",\"image_svg_color\":\"emphasis\",\"margin\":\"default\"}}]}],\"props\":{\"layout\":\"1-2,1-2\"}}]},{\"type\":\"section\",\"props\":{\"animation\":\"slide-bottom-small\",\"css\":\".el-section{\\n\\tbackground-color: #4f5c8e;\\n}\",\"image_position\":\"center-center\",\"style\":\"default\",\"title_breakpoint\":\"xl\",\"title_position\":\"top-left\",\"title_rotation\":\"left\",\"vertical_align\":\"middle\",\"width\":\"default\"},\"children\":[{\"type\":\"row\",\"children\":[{\"type\":\"column\",\"props\":{\"image_position\":\"center-center\",\"media_overlay_gradient\":\"\",\"position_sticky_breakpoint\":\"m\"},\"children\":[{\"type\":\"grid\",\"props\":{\"animation\":\"slide-bottom-small\",\"content_column_breakpoint\":\"m\",\"css\":\".el-item{\\n\\tbackground-color: #fff;\\n    padding: 15px;\\n    border-radius: 20px;\\n    position: relative;\\n    top: 0;\\n    transition: all .3s;\\n}\\n.el-title{\\n\\tcolor: #4f5c8e;\\n    font-weight: 600;\\n}\\n.el-item:hover{\\n\\ttop: -7px;\\n}\",\"filter_align\":\"left\",\"filter_all\":true,\"filter_grid_breakpoint\":\"m\",\"filter_grid_width\":\"auto\",\"filter_position\":\"top\",\"filter_style\":\"tab\",\"grid_column_align\":false,\"grid_default\":\"1\",\"grid_medium\":\"2\",\"grid_small\":\"2\",\"icon_width\":80,\"image_align\":\"top\",\"image_grid_breakpoint\":\"m\",\"image_grid_width\":\"1-2\",\"image_svg_color\":\"emphasis\",\"item_animation\":true,\"link_style\":\"default\",\"link_text\":\"\",\"margin\":\"default\",\"meta_align\":\"below-title\",\"meta_element\":\"div\",\"meta_style\":\"text-meta\",\"panel_link\":true,\"panel_padding\":\"\",\"show_content\":true,\"show_image\":true,\"show_link\":true,\"show_meta\":true,\"show_title\":true,\"text_align\":\"center\",\"title_align\":\"top\",\"title_element\":\"h4\",\"title_grid_breakpoint\":\"m\",\"title_grid_width\":\"1-2\",\"title_hover_style\":\"reset\"},\"children\":[{\"type\":\"grid_item\",\"props\":{\"image\":\"wp-content\\\/uploads\\\/2023\\\/04\\\/intelligent-tutor.png\",\"image_alt\":\"Intelligent tutor\",\"link\":\"de\\\/intelligent-tutor\\\/\",\"title\":\"Intelligenter Tutor\"}},{\"type\":\"grid_item\",\"props\":{\"image\":\"wp-content\\\/uploads\\\/2023\\\/04\\\/training-package.png\",\"link\":\"de\\\/courses\\\/training-package\\\/\",\"title\":\"Trainingspaket\"}},{\"type\":\"grid_item\",\"props\":{\"image\":\"wp-content\\\/uploads\\\/2023\\\/04\\\/OERs.png\",\"link\":\"\\\/de\\\/oer-resources\",\"title\":\"OER-Ressourcen\"}},{\"type\":\"grid_item\",\"props\":{\"image\":\"wp-content\\\/uploads\\\/2023\\\/04\\\/eService.png\",\"link\":\"\\\/de\\\/forums\\\/forum\\\/eservice-3\\\/\",\"title\":\"eService - Forum\"}}]}]}]}]}],\"version\":\"3.0.10\"} --><\/p>\n","protected":false},"excerpt":{"rendered":"<p>Digitale Transformation des Berufsbildungssektors Melden Sie sich an oder erstellen Sie ein Konto, um kostenlosen Zugriff auf den intelligenten Tutor f\u00fcr digitale Transformation und den..<\/p>\n","protected":false},"author":1,"featured_media":0,"parent":0,"menu_order":0,"comment_status":"closed","ping_status":"closed","template":"","meta":{"_acf_changed":false,"_bbp_topic_count":0,"_bbp_reply_count":0,"_bbp_total_topic_count":0,"_bbp_total_reply_count":0,"_bbp_voice_count":0,"_bbp_anonymous_reply_count":0,"_bbp_topic_count_hidden":0,"_bbp_reply_count_hidden":0,"_bbp_forum_subforum_count":0,"footnotes":""},"class_list":["post-303","page","type-page","status-publish","hentry"],"acf":[],"_links":{"self":[{"href":"https:\/\/elearning.grooveproject.eu\/de\/wp-json\/wp\/v2\/pages\/303","targetHints":{"allow":["GET"]}}],"collection":[{"href":"https:\/\/elearning.grooveproject.eu\/de\/wp-json\/wp\/v2\/pages"}],"about":[{"href":"https:\/\/elearning.grooveproject.eu\/de\/wp-json\/wp\/v2\/types\/page"}],"author":[{"embeddable":true,"href":"https:\/\/elearning.grooveproject.eu\/de\/wp-json\/wp\/v2\/users\/1"}],"replies":[{"embeddable":true,"href":"https:\/\/elearning.grooveproject.eu\/de\/wp-json\/wp\/v2\/comments?post=303"}],"version-history":[{"count":5,"href":"https:\/\/elearning.grooveproject.eu\/de\/wp-json\/wp\/v2\/pages\/303\/revisions"}],"predecessor-version":[{"id":741,"href":"https:\/\/elearning.grooveproject.eu\/de\/wp-json\/wp\/v2\/pages\/303\/revisions\/741"}],"wp:attachment":[{"href":"https:\/\/elearning.grooveproject.eu\/de\/wp-json\/wp\/v2\/media?parent=303"}],"curies":[{"name":"wp","href":"https:\/\/api.w.org\/{rel}","templated":true}]}}